{"id":662,"date":"2024-12-16T05:56:44","date_gmt":"2024-12-16T05:56:44","guid":{"rendered":"https:\/\/skiwithville.com\/?page_id=662"},"modified":"2024-12-16T06:08:55","modified_gmt":"2024-12-16T06:08:55","slug":"northern-norway-lyngen-and-kvaloya","status":"publish","type":"page","link":"https:\/\/skiwithville.com\/en\/northern-norway-lyngen-and-kvaloya\/","title":{"rendered":"Northern Norway, Lyngen and Kval\u00f8ya"},"content":{"rendered":"<p>[et_pb_section fb_built=&#8221;1&#8243; custom_padding_last_edited=&#8221;on|phone&#8221; admin_label=&#8221;Header&#8221; _builder_version=&#8221;4.21.0&#8243; _module_preset=&#8221;default&#8221; background_color=&#8221;#f2f8f5&#8243; background_enable_image=&#8221;off&#8221; background_size=&#8221;initial&#8221; background_position=&#8221;center_right&#8221; overflow-x=&#8221;hidden&#8221; overflow-y=&#8221;hidden&#8221; custom_padding=&#8221;||0px||false|false&#8221; custom_padding_tablet=&#8221;||60px||false|false&#8221; custom_padding_phone=&#8221;||60px||false|false&#8221; locked=&#8221;off&#8221; global_colors_info=&#8221;{}&#8221;][et_pb_row column_structure=&#8221;1_2,1_2&#8243; _builder_version=&#8221;4.16&#8243; _module_preset=&#8221;default&#8221; custom_padding=&#8221;||0px||false|false&#8221; global_colors_info=&#8221;{}&#8221;][et_pb_column type=&#8221;1_2&#8243; _builder_version=&#8221;4.16&#8243; _module_preset=&#8221;default&#8221; custom_padding=&#8221;||40px||false|false&#8221; global_colors_info=&#8221;{}&#8221;][et_pb_text _builder_version=&#8221;4.27.4&#8243; _module_preset=&#8221;default&#8221; header_font=&#8221;EB Garamond|600|||||||&#8221; header_font_size=&#8221;64px&#8221; header_line_height=&#8221;1.3em&#8221; hover_enabled=&#8221;0&#8243; header_font_size_tablet=&#8221;40px&#8221; header_font_size_phone=&#8221;24px&#8221; header_font_size_last_edited=&#8221;on|phone&#8221; global_colors_info=&#8221;{}&#8221; sticky_enabled=&#8221;0&#8243;]<\/p>\n<h1>Northern Norway, Lyngen and Kval\u00f8ya<\/h1>\n<p>[\/et_pb_text][et_pb_text _builder_version=&#8221;4.27.4&#8243; _module_preset=&#8221;default&#8221; text_font=&#8221;EB Garamond||||||||&#8221; text_font_size=&#8221;22px&#8221; text_line_height=&#8221;1.5em&#8221; hover_enabled=&#8221;0&#8243; text_font_size_tablet=&#8221;18px&#8221; text_font_size_phone=&#8221;14px&#8221; text_font_size_last_edited=&#8221;on|phone&#8221; global_colors_info=&#8221;{}&#8221; sticky_enabled=&#8221;0&#8243;]<\/p>\n<ul>\n<li><strong>Duration:<\/strong> 1 day<\/li>\n<li><strong>Season:<\/strong> April\u2013May<\/li>\n<li><strong>Difficulty Level:<\/strong> Intermediate, Beginners<\/li>\n<\/ul>\n<p><strong>Highlights<\/strong><\/p>\n<ul>\n<li>Stunning natural beauty and varied terrain<\/li>\n<li>Unique cultural and wildlife encounters<\/li>\n<li>Versatile skiing conditions for all skill levels<\/li>\n<\/ul>\n<p><strong>Description<\/strong><\/p>\n<p>Experience the unforgettable beauty of Norway\u2019s Lyngen Alps! During this ski touring day, we\u2019ll ascend and descend 800\u20131,300 meters in breathtaking landscapes.<\/p>\n<p>In spring, we ski either on sun-warmed corn snow or enjoy dry powder on colder days. This diverse environment offers unforgettable skiing experiences for both seasoned freeriders and first-timers seeking something extraordinary.<\/p>\n<p>Each group is matched with the perfect destination based on their fitness level and skiing skills. The exact location is chosen according to the weather and other conditions. During the day, you might even spot whales and sea eagles, adding a unique touch to the trip.<\/p>\n<p>Join us \u2013 <strong>Ski With Ville<\/strong>!<\/p>\n<p>[\/et_pb_text][et_pb_button button_url=&#8221;https:\/\/www.explore-share.com\/trip\/ski-tour-day-Lyngen-Alps-Norway\/&#8221; url_new_window=&#8221;on&#8221; button_text=&#8221;Book now&#8221; _builder_version=&#8221;4.27.4&#8243; _module_preset=&#8221;default&#8221; hover_enabled=&#8221;0&#8243; global_colors_info=&#8221;{}&#8221; sticky_enabled=&#8221;0&#8243;][\/et_pb_button][\/et_pb_column][et_pb_column type=&#8221;1_2&#8243; _builder_version=&#8221;4.16&#8243; _module_preset=&#8221;default&#8221; global_colors_info=&#8221;{}&#8221;][et_pb_image src=&#8221;https:\/\/skiwithville.com\/wp-content\/uploads\/2024\/12\/Kvaloya_6-1-scaled.jpg&#8221; title_text=&#8221;Kval\u00f8ya_6&#8243; _builder_version=&#8221;4.27.4&#8243; _module_preset=&#8221;default&#8221; custom_margin=&#8221;|-20vw|||false|false&#8221; custom_margin_tablet=&#8221;|0vw|||false|false&#8221; custom_margin_phone=&#8221;&#8221; custom_margin_last_edited=&#8221;on|tablet&#8221; global_colors_info=&#8221;{}&#8221;][\/et_pb_image][\/et_pb_column][\/et_pb_row][et_pb_row _builder_version=&#8221;4.22.1&#8243; _module_preset=&#8221;default&#8221; global_colors_info=&#8221;{}&#8221;][et_pb_column type=&#8221;4_4&#8243; _builder_version=&#8221;4.22.1&#8243; _module_preset=&#8221;default&#8221; global_colors_info=&#8221;{}&#8221;][et_pb_divider _builder_version=&#8221;4.22.1&#8243; _module_preset=&#8221;default&#8221; global_colors_info=&#8221;{}&#8221;][\/et_pb_divider][et_pb_text _builder_version=&#8221;4.27.4&#8243; _module_preset=&#8221;default&#8221; header_3_text_align=&#8221;center&#8221; header_3_font_size=&#8221;35px&#8221; global_colors_info=&#8221;{}&#8221;][\/et_pb_text][\/et_pb_column][\/et_pb_row][\/et_pb_section]<\/p>\n","protected":false},"excerpt":{"rendered":"<p>Northern Norway, Lyngen and Kval\u00f8ya Duration: 1 day Season: April\u2013May Difficulty Level: Intermediate, Beginners Highlights Stunning natural beauty and varied terrain Unique cultural and wildlife encounters Versatile skiing conditions for all skill levels Description Experience the unforgettable beauty of Norway\u2019s Lyngen Alps! During this ski touring day, we\u2019ll ascend and descend 800\u20131,300 meters in breathtaking [&hellip;]<\/p>\n","protected":false},"author":1,"featured_media":0,"parent":0,"menu_order":0,"comment_status":"closed","ping_status":"closed","template":"","meta":{"_et_pb_use_builder":"on","_et_pb_old_content":"<p>[et_pb_section fb_built=\"1\" custom_padding_last_edited=\"on|phone\" admin_label=\"Header\" _builder_version=\"4.21.0\" _module_preset=\"default\" background_color=\"#f2f8f5\" background_enable_image=\"off\" background_size=\"initial\" background_position=\"center_right\" overflow-x=\"hidden\" overflow-y=\"hidden\" custom_padding=\"||0px||false|false\" custom_padding_tablet=\"||60px||false|false\" custom_padding_phone=\"||60px||false|false\" locked=\"off\" global_colors_info=\"{}\"][et_pb_row column_structure=\"1_2,1_2\" _builder_version=\"4.16\" _module_preset=\"default\" custom_padding=\"||0px||false|false\" global_colors_info=\"{}\"][et_pb_column type=\"1_2\" _builder_version=\"4.16\" _module_preset=\"default\" custom_padding=\"||40px||false|false\" global_colors_info=\"{}\"][et_pb_text _builder_version=\"4.27.4\" _module_preset=\"default\" header_font=\"EB Garamond|600|||||||\" header_font_size=\"64px\" header_line_height=\"1.3em\" header_font_size_tablet=\"40px\" header_font_size_phone=\"24px\" header_font_size_last_edited=\"on|phone\" global_colors_info=\"{}\"]<\/p><h1>Pohjois-Norja, Lyngen ja Kval\u00f8ya.<\/h1><p>[\/et_pb_text][et_pb_text _builder_version=\"4.27.4\" _module_preset=\"default\" text_font=\"EB Garamond||||||||\" text_font_size=\"22px\" text_line_height=\"1.5em\" text_font_size_tablet=\"18px\" text_font_size_phone=\"14px\" text_font_size_last_edited=\"on|phone\" global_colors_info=\"{}\"]<\/p><ul><li data-pm-slice=\"1 1 []\"><strong>Kesto<\/strong> 1 p\u00e4iv\u00e4<\/li><li><strong>Ajankohta<\/strong> Huhti-toukokuu<\/li><li><strong>Vaativuustaso<\/strong> Keskitaso, Aloittelijat<\/li><\/ul><p><strong>Kohokohdat<\/strong><\/p><ul data-spread=\"false\"><li>Upea luonnonkauneus ja vaihteleva maasto<\/li><li>Ainutlaatuisia kulttuuri- ja villiel\u00e4inkohtaamisia<\/li><li>Monipuoliset laskuolosuhteet kaikentasoisille laskijoille<\/li><\/ul><p><strong>Kuvaus<\/strong><\/p><p>Koe Norjan Lyngenin Alppien unohtumaton kauneus! T\u00e4m\u00e4n vapaalaskup\u00e4iv\u00e4n aikana nousemme ja laskemme 800\u20131 300 metri\u00e4 huikeissa maisemissa.<\/p><p>Kev\u00e4isin laskemme joko auringon l\u00e4mmitt\u00e4m\u00e4ll\u00e4 firn-lumella tai nautimme kylmien p\u00e4ivien kuivasta puuterilumesta. T\u00e4m\u00e4 monipuolinen ymp\u00e4rist\u00f6 tarjoaa unohtuvia laskukokemuksia niin kokeneille vapaalaskijoille kuin ensikertalaisillekin, jotka etsiv\u00e4t jotain poikkeuksellista.<\/p><p>Jokaiselle ryhm\u00e4lle l\u00f6ytyy sopiva kohde kunnon ja laskutaidon mukaan. Kohde valitaan s\u00e4\u00e4n ja muiden olosuhteiden mukaan sopivaksi. P\u00e4iv\u00e4n aikana voit jopa bongata valaita ja merikotkia, mik\u00e4 lis\u00e4\u00e4 matkan ainutlaatuisuutta.<\/p><p><strong>Tule mukaan - Ski With VIlle<\/strong><\/p><p>[\/et_pb_text][et_pb_button button_url=\"https:\/\/www.explore-share.com\/trip\/ski-tour-day-Lyngen-Alps-Norway\/\" url_new_window=\"on\" button_text=\"Varaa t\u00e4st\u00e4\" _builder_version=\"4.27.4\" _module_preset=\"default\" global_colors_info=\"{}\"][\/et_pb_button][\/et_pb_column][et_pb_column type=\"1_2\" _builder_version=\"4.16\" _module_preset=\"default\" global_colors_info=\"{}\"][et_pb_image src=\"https:\/\/skiwithville.com\/wp-content\/uploads\/2024\/12\/Kvaloya_6-1-scaled.jpg\" title_text=\"Kval\u00f8ya_6\" _builder_version=\"4.27.4\" _module_preset=\"default\" custom_margin=\"|-20vw|||false|false\" custom_margin_tablet=\"|0vw|||false|false\" custom_margin_phone=\"\" custom_margin_last_edited=\"on|tablet\" global_colors_info=\"{}\"][\/et_pb_image][\/et_pb_column][\/et_pb_row][et_pb_row _builder_version=\"4.22.1\" _module_preset=\"default\" global_colors_info=\"{}\"][et_pb_column type=\"4_4\" _builder_version=\"4.22.1\" _module_preset=\"default\" global_colors_info=\"{}\"][et_pb_divider _builder_version=\"4.22.1\" _module_preset=\"default\" global_colors_info=\"{}\"][\/et_pb_divider][et_pb_text _builder_version=\"4.27.4\" _module_preset=\"default\" header_3_text_align=\"center\" header_3_font_size=\"35px\" hover_enabled=\"0\" global_colors_info=\"{}\" sticky_enabled=\"0\"][\/et_pb_text][\/et_pb_column][\/et_pb_row][\/et_pb_section]<\/p>","_et_gb_content_width":"","footnotes":""},"class_list":["post-662","page","type-page","status-publish","hentry"],"_links":{"self":[{"href":"https:\/\/skiwithville.com\/en\/wp-json\/wp\/v2\/pages\/662","targetHints":{"allow":["GET"]}}],"collection":[{"href":"https:\/\/skiwithville.com\/en\/wp-json\/wp\/v2\/pages"}],"about":[{"href":"https:\/\/skiwithville.com\/en\/wp-json\/wp\/v2\/types\/page"}],"author":[{"embeddable":true,"href":"https:\/\/skiwithville.com\/en\/wp-json\/wp\/v2\/users\/1"}],"replies":[{"embeddable":true,"href":"https:\/\/skiwithville.com\/en\/wp-json\/wp\/v2\/comments?post=662"}],"version-history":[{"count":4,"href":"https:\/\/skiwithville.com\/en\/wp-json\/wp\/v2\/pages\/662\/revisions"}],"predecessor-version":[{"id":668,"href":"https:\/\/skiwithville.com\/en\/wp-json\/wp\/v2\/pages\/662\/revisions\/668"}],"wp:attachment":[{"href":"https:\/\/skiwithville.com\/en\/wp-json\/wp\/v2\/media?parent=662"}],"curies":[{"name":"wp","href":"https:\/\/api.w.org\/{rel}","templated":true}]}}