{"id":674,"date":"2025-03-12T11:21:31","date_gmt":"2025-03-12T11:21:31","guid":{"rendered":"https:\/\/skiwithville.com\/?post_type=product&#038;p=674"},"modified":"2025-12-02T08:37:54","modified_gmt":"2025-12-02T08:37:54","slug":"finlav-lumiturvallisuus-1-kurssi-tromso-kvaloya-lyngen","status":"publish","type":"product","link":"https:\/\/skiwithville.com\/en\/tuote\/finlav-lumiturvallisuus-1-kurssi-tromso-kvaloya-lyngen\/","title":{"rendered":"FINLAV Lumiturvallisuus 1 -kurssi. Troms\u00f8 &#8211; Kval\u00f8ya &#8211; Lyngen"},"content":{"rendered":"<p>&nbsp;<\/p>\n<p><strong>6.3 &#8211; 8.3 ja 13.3 &#8211; 15.3<\/strong><\/p>\n<p>T\u00e4m\u00e4 kolmen p\u00e4iv\u00e4n intensiivinen kurssi tarjoaa perustiedot lumivy\u00f6ryist\u00e4 ja niiden vaaroista. Yleens\u00e4 lumiturvallisuus 1 kurssi on kaksip\u00e4iv\u00e4inen. Kolmen p\u00e4iv\u00e4n kurssi mahdollistaa enemm\u00e4n laskemista. Kolmep\u00e4iv\u00e4isen kurssin aikana p\u00e4\u00e4semme laskemaan joka p\u00e4iv\u00e4 \u26f7\ufe0f\ud83c\udfc2<\/p>\n<p>Kurssilla opit tunnistamaan lumivy\u00f6rymaaston, ymm\u00e4rt\u00e4m\u00e4\u00e4n inhimillisten tekij\u00f6iden vaikutuksen p\u00e4\u00e4t\u00f6ksentekoon sek\u00e4 harjoittelet kaveripelastustaitoja. Kurssi sis\u00e4lt\u00e4\u00e4 sek\u00e4 teoriaa sek\u00e4 k\u00e4yt\u00e4nn\u00f6n harjoituksia upeissa Pohjois-Norjan maisemissa.<\/p>\n<h3>Kurssin sis\u00e4lt\u00f6:<\/h3>\n<ul>\n<li>Lumivy\u00f6ryjen perusteet<\/li>\n<li>Turvallisuusajattelu ja riskienhallinta<\/li>\n<li>P\u00e4\u00e4t\u00f6ksentekoprosessit maastossa<\/li>\n<li>S\u00e4\u00e4- ja vy\u00f6ryennusteiden tulkinta<\/li>\n<li>Reittisuunnittelu ja maaston arviointi<\/li>\n<li>Vy\u00f6rypelastusv\u00e4lineiden k\u00e4ytt\u00f6 ja kaveripelastusharjoitukset<\/li>\n<\/ul>\n<h3>Kurssin tiedot:<\/h3>\n<ul>\n<li>Ajankohta: Maaliskuu 2026<\/li>\n<li>Kesto: 3 p\u00e4iv\u00e4\u00e4<\/li>\n<li>Hinta:\u00a0375 \u20ac \/ henkil\u00f6<\/li>\n<li>Osallistujam\u00e4\u00e4r\u00e4:\u00a01\u20136 henkil\u00f6\u00e4<\/li>\n<\/ul>\n<p>Kouluttajana toimii FINLAV-sertifioitu CSGA skiguide Ville Strandman.<\/p>\n<p><strong>Turvallisuus on avain unohtumattomiin el\u00e4myksiin takamaastoissa. Liity mukaan oppimaan ja jakamaan intohimoa vapaalaskuun!<\/strong><\/p>\n<p><strong>N\u00e4hd\u00e4\u00e4n m\u00e4ess\u00e4!<\/strong><\/p>\n","protected":false},"excerpt":{"rendered":"<p>&nbsp;<\/p>\n<p><strong>6.3 &#8211; 8.3 ja 13.3 &#8211; 15.3<\/strong><\/p>\n<p>T\u00e4m\u00e4 kolmen p\u00e4iv\u00e4n intensiivinen kurssi tarjoaa perustiedot lumivy\u00f6ryist\u00e4 ja niiden vaaroista. Yleens\u00e4 lumiturvallisuus 1 kurssi on kaksip\u00e4iv\u00e4inen. Kolmen p\u00e4iv\u00e4n kurssi mahdollistaa enemm\u00e4n laskemista. Kolmep\u00e4iv\u00e4isen kurssin aikana p\u00e4\u00e4semme laskemaan joka p\u00e4iv\u00e4 \u26f7\ufe0f\ud83c\udfc2<\/p>\n<p>Kurssilla opit tunnistamaan lumivy\u00f6rymaaston, ymm\u00e4rt\u00e4m\u00e4\u00e4n inhimillisten tekij\u00f6iden vaikutuksen p\u00e4\u00e4t\u00f6ksentekoon sek\u00e4 harjoittelet kaveripelastustaitoja. Kurssi sis\u00e4lt\u00e4\u00e4 sek\u00e4 teoriaa sek\u00e4 k\u00e4yt\u00e4nn\u00f6n harjoituksia upeissa Pohjois-Norjan maisemissa.<\/p>\n<h3>Kurssin sis\u00e4lt\u00f6:<\/h3>\n<ul>\n<li>Lumivy\u00f6ryjen perusteet<\/li>\n<li>Turvallisuusajattelu ja riskienhallinta<\/li>\n<li>P\u00e4\u00e4t\u00f6ksentekoprosessit maastossa<\/li>\n<li>S\u00e4\u00e4- ja vy\u00f6ryennusteiden tulkinta<\/li>\n<li>Reittisuunnittelu ja maaston arviointi<\/li>\n<li>Vy\u00f6rypelastusv\u00e4lineiden k\u00e4ytt\u00f6 ja kaveripelastusharjoitukset<\/li>\n<\/ul>\n<h3>Kurssin tiedot:<\/h3>\n<ul>\n<li>Ajankohta: Maaliskuu 2026<\/li>\n<li>Kesto: 3 p\u00e4iv\u00e4\u00e4<\/li>\n<li>Hinta:\u00a0375 \u20ac \/ henkil\u00f6<\/li>\n<li>Osallistujam\u00e4\u00e4r\u00e4:\u00a01\u20136 henkil\u00f6\u00e4<\/li>\n<\/ul>\n<p>Kouluttajana toimii FINLAV-sertifioitu CSGA skiguide Ville Strandman.<\/p>\n<p><strong>Turvallisuus on avain unohtumattomiin el\u00e4myksiin takamaastoissa. Liity mukaan oppimaan ja jakamaan intohimoa vapaalaskuun!<\/strong><\/p>\n<p><strong>N\u00e4hd\u00e4\u00e4n m\u00e4ess\u00e4!<\/strong><\/p>\n","protected":false},"featured_media":679,"comment_status":"closed","ping_status":"closed","template":"","meta":{"_et_pb_use_builder":"","_et_pb_old_content":"","_et_gb_content_width":""},"product_brand":[],"product_cat":[44],"product_tag":[48,49],"class_list":{"0":"post-674","1":"product","2":"type-product","3":"status-publish","4":"has-post-thumbnail","6":"product_cat-vapaalasku-2","7":"product_tag-lumiturvalliuus","8":"product_tag-vapaalasku-2","10":"first","11":"instock","12":"taxable","13":"shipping-taxable","14":"purchasable","15":"product-type-variable"},"_links":{"self":[{"href":"https:\/\/skiwithville.com\/en\/wp-json\/wp\/v2\/product\/674","targetHints":{"allow":["GET"]}}],"collection":[{"href":"https:\/\/skiwithville.com\/en\/wp-json\/wp\/v2\/product"}],"about":[{"href":"https:\/\/skiwithville.com\/en\/wp-json\/wp\/v2\/types\/product"}],"replies":[{"embeddable":true,"href":"https:\/\/skiwithville.com\/en\/wp-json\/wp\/v2\/comments?post=674"}],"wp:featuredmedia":[{"embeddable":true,"href":"https:\/\/skiwithville.com\/en\/wp-json\/wp\/v2\/media\/679"}],"wp:attachment":[{"href":"https:\/\/skiwithville.com\/en\/wp-json\/wp\/v2\/media?parent=674"}],"wp:term":[{"taxonomy":"product_brand","embeddable":true,"href":"https:\/\/skiwithville.com\/en\/wp-json\/wp\/v2\/product_brand?post=674"},{"taxonomy":"product_cat","embeddable":true,"href":"https:\/\/skiwithville.com\/en\/wp-json\/wp\/v2\/product_cat?post=674"},{"taxonomy":"product_tag","embeddable":true,"href":"https:\/\/skiwithville.com\/en\/wp-json\/wp\/v2\/product_tag?post=674"}],"curies":[{"name":"wp","href":"https:\/\/api.w.org\/{rel}","templated":true}]}}