{"id":927,"date":"2025-08-01T14:56:16","date_gmt":"2025-08-01T14:56:16","guid":{"rendered":"https:\/\/skiwithville.com\/tuote\/finlav-lumiturvallisuus-1-kurssi-yllastunturi\/"},"modified":"2026-02-17T08:49:26","modified_gmt":"2026-02-17T08:49:26","slug":"finlav-snow-safety-1-yllastunturi","status":"publish","type":"product","link":"https:\/\/skiwithville.com\/en\/tuote\/finlav-snow-safety-1-yllastunturi\/","title":{"rendered":"FINLAV Snow Safety 1 &#8211; Yll\u00e4stunturi"},"content":{"rendered":"<p>[et_pb_section fb_built=&#8221;1&#8243; _builder_version=&#8221;4.16&#8243; custom_padding=&#8221;0px||||false|false&#8221; global_colors_info=&#8221;{}&#8221;][et_pb_row _builder_version=&#8221;4.16&#8243; background_size=&#8221;initial&#8221; background_position=&#8221;top_left&#8221; background_repeat=&#8221;repeat&#8221; width=&#8221;100%&#8221; custom_padding=&#8221;0px||0px||false|false&#8221; global_colors_info=&#8221;{}&#8221;][et_pb_column type=&#8221;4_4&#8243; _builder_version=&#8221;4.16&#8243; custom_padding=&#8221;|||&#8221; global_colors_info=&#8221;{}&#8221; custom_padding__hover=&#8221;|||&#8221;][et_pb_wc_breadcrumb _builder_version=&#8221;4.16&#8243; global_colors_info=&#8221;{}&#8221;][\/et_pb_wc_breadcrumb][et_pb_wc_cart_notice _builder_version=&#8221;4.16&#8243; global_colors_info=&#8221;{}&#8221;][\/et_pb_wc_cart_notice][\/et_pb_column][\/et_pb_row][et_pb_row _builder_version=&#8221;4.16&#8243; background_size=&#8221;initial&#8221; background_position=&#8221;top_left&#8221; background_repeat=&#8221;repeat&#8221; width=&#8221;100%&#8221; custom_padding=&#8221;0px||||false|false&#8221; global_colors_info=&#8221;{}&#8221;][et_pb_column type=&#8221;4_4&#8243; _builder_version=&#8221;4.16&#8243; custom_padding=&#8221;|||&#8221; global_colors_info=&#8221;{}&#8221; custom_padding__hover=&#8221;|||&#8221;][et_pb_video src=&#8221;https:\/\/skiwithville.com\/wp-content\/uploads\/2025\/08\/FINLAV-1-Lumiturvallisuuskurssi-Yllastunturi-18.2.26-19.2.26.mp4&#8243; image_src=&#8221;https:\/\/skiwithville.com\/wp-content\/uploads\/2025\/08\/FINLAV-1-Lumiturvallisuuskurssi-Yllastunturi-18.2.26-19.2.26.jpg&#8221; _builder_version=&#8221;4.27.4&#8243; _module_preset=&#8221;default&#8221; global_colors_info=&#8221;{}&#8221;][\/et_pb_video][et_pb_wc_title _builder_version=&#8221;4.16&#8243; global_colors_info=&#8221;{}&#8221;][\/et_pb_wc_title][et_pb_wc_rating _builder_version=&#8221;4.16&#8243; global_colors_info=&#8221;{}&#8221;][\/et_pb_wc_rating][et_pb_wc_price _builder_version=&#8221;4.16&#8243; global_colors_info=&#8221;{}&#8221;][\/et_pb_wc_price][et_pb_wc_description _builder_version=&#8221;4.27.4&#8243; global_colors_info=&#8221;{}&#8221;][\/et_pb_wc_description][et_pb_wc_add_to_cart _builder_version=&#8221;4.16&#8243; global_colors_info=&#8221;{}&#8221;][\/et_pb_wc_add_to_cart][et_pb_wc_meta _builder_version=&#8221;4.16&#8243; global_colors_info=&#8221;{}&#8221;][\/et_pb_wc_meta][et_pb_wc_images _builder_version=&#8221;4.27.4&#8243; global_colors_info=&#8221;{}&#8221;][\/et_pb_wc_images][\/et_pb_column][\/et_pb_row][\/et_pb_section]<\/p>\n","protected":false},"excerpt":{"rendered":"<p><strong>18.2.26 &#8211; 19.2.26 &#8211; Week 8<\/strong><\/p>\n<p>This two-day intensive course provides the essential knowledge about avalanches and their risks. \u26f7\ufe0f\ud83c\udfc2<\/p>\n<p>You will learn to identify avalanche terrain, understand how human factors influence decision-making, and practice companion rescue skills.<br \/>\nThe course includes both theoretical lessons and practical exercises in the Yll\u00e4s mountain area.<\/p>\n<h3>Course content:<\/h3>\n<ul>\n<li>Basics of avalanches<\/li>\n<li>Safety mindset and risk management<\/li>\n<li>Decision-making processes in the field<\/li>\n<li>Interpreting weather and avalanche forecasts<\/li>\n<li>Route planning and terrain assessment<\/li>\n<li>Use of avalanche safety equipment and companion rescue practice<\/li>\n<\/ul>\n<h3>Course details:<\/h3>\n<ul>\n<li>Date: 18\u201319 February 2026<\/li>\n<li>Location: Yll\u00e4s Mountain Area<\/li>\n<li>Duration: 2 days<\/li>\n<li>Price: \u20ac290 per person<\/li>\n<li>Group size: 1\u20136 participants<\/li>\n<\/ul>\n<p>The instructor is FINLAV-certified CSGA ski guide Ville Strandman.<\/p>\n<p><strong>Safety is the key to unforgettable experiences in the backcountry. Join us to learn and share the passion for freeriding!<\/strong><\/p>\n<p><strong>See you on the mountain!<\/strong><\/p>\n","protected":false},"featured_media":902,"comment_status":"closed","ping_status":"closed","template":"","meta":{"_et_pb_use_builder":"on","_et_pb_old_content":"<strong>18.2.26 - 19.2.26 - Viikko 8<\/strong>\r\n\r\nT\u00e4m\u00e4 kahden p\u00e4iv\u00e4n intensiivinen kurssi tarjoaa perustiedot lumivy\u00f6ryist\u00e4 ja niiden vaaroista. \u26f7\ufe0f\ud83c\udfc2\r\n\r\nKurssilla opit tunnistamaan lumivy\u00f6rymaaston, ymm\u00e4rt\u00e4m\u00e4\u00e4n inhimillisten tekij\u00f6iden vaikutuksen p\u00e4\u00e4t\u00f6ksentekoon sek\u00e4 harjoittelet kaveripelastustaitoja. Kurssi sis\u00e4lt\u00e4\u00e4 sek\u00e4 teoriaa sek\u00e4 k\u00e4yt\u00e4nn\u00f6n harjoituksia Yll\u00e4stunturin ymp\u00e4rist\u00f6ss\u00e4.\r\n<h3>Kurssin sis\u00e4lt\u00f6:<\/h3>\r\n<ul>\r\n \t<li>Lumivy\u00f6ryjen perusteet<\/li>\r\n \t<li>Turvallisuusajattelu ja riskienhallinta<\/li>\r\n \t<li>P\u00e4\u00e4t\u00f6ksentekoprosessit maastossa<\/li>\r\n \t<li>S\u00e4\u00e4- ja vy\u00f6ryennusteiden tulkinta<\/li>\r\n \t<li>Reittisuunnittelu ja maaston arviointi<\/li>\r\n \t<li>Vy\u00f6rypelastusv\u00e4lineiden k\u00e4ytt\u00f6 ja kaveripelastusharjoitukset<\/li>\r\n<\/ul>\r\n<h3>Kurssin tiedot:<\/h3>\r\n<ul>\r\n \t<li>Ajankohta: 18.2.2026 - 19.2-2026<\/li>\r\n \t<li>Paikka: Yll\u00e4stunturi<\/li>\r\n \t<li>Kesto: 2<\/li>\r\n \t<li>Hinta: 290 \u20ac \/ henkil\u00f6<\/li>\r\n \t<li>Osallistujam\u00e4\u00e4r\u00e4: 1\u20136 henkil\u00f6\u00e4<\/li>\r\n<\/ul>\r\nKouluttajana toimii FINLAV-sertifioitu CSGA skiguide Ville Strandman.\r\n\r\n<strong>Turvallisuus on avain unohtumattomiin el\u00e4myksiin takamaastoissa. Liity mukaan oppimaan ja jakamaan intohimoa vapaalaskuun! <\/strong>\r\n\r\n<strong>N\u00e4hd\u00e4\u00e4n m\u00e4ess\u00e4!<\/strong>","_et_gb_content_width":""},"product_brand":[],"product_cat":[52,51],"product_tag":[53,39],"class_list":{"0":"post-927","1":"product","2":"type-product","3":"status-publish","4":"has-post-thumbnail","6":"product_cat-lumiturvallisuus-en","7":"product_cat-vapaalasku-en","8":"product_tag-lumiturvalliuus-en","9":"product_tag-vapaalasku","11":"first","12":"instock","13":"taxable","14":"shipping-taxable","15":"purchasable","16":"product-type-simple"},"_links":{"self":[{"href":"https:\/\/skiwithville.com\/en\/wp-json\/wp\/v2\/product\/927","targetHints":{"allow":["GET"]}}],"collection":[{"href":"https:\/\/skiwithville.com\/en\/wp-json\/wp\/v2\/product"}],"about":[{"href":"https:\/\/skiwithville.com\/en\/wp-json\/wp\/v2\/types\/product"}],"replies":[{"embeddable":true,"href":"https:\/\/skiwithville.com\/en\/wp-json\/wp\/v2\/comments?post=927"}],"wp:featuredmedia":[{"embeddable":true,"href":"https:\/\/skiwithville.com\/en\/wp-json\/wp\/v2\/media\/902"}],"wp:attachment":[{"href":"https:\/\/skiwithville.com\/en\/wp-json\/wp\/v2\/media?parent=927"}],"wp:term":[{"taxonomy":"product_brand","embeddable":true,"href":"https:\/\/skiwithville.com\/en\/wp-json\/wp\/v2\/product_brand?post=927"},{"taxonomy":"product_cat","embeddable":true,"href":"https:\/\/skiwithville.com\/en\/wp-json\/wp\/v2\/product_cat?post=927"},{"taxonomy":"product_tag","embeddable":true,"href":"https:\/\/skiwithville.com\/en\/wp-json\/wp\/v2\/product_tag?post=927"}],"curies":[{"name":"wp","href":"https:\/\/api.w.org\/{rel}","templated":true}]}}